{"id":332,"date":"2019-01-16T15:22:53","date_gmt":"2019-01-16T14:22:53","guid":{"rendered":"http:\/\/www.anffaspotenzapicena.it\/?page_id=332"},"modified":"2019-03-13T16:15:28","modified_gmt":"2019-03-13T15:15:28","slug":"laboratorio-carta-riciclata","status":"publish","type":"page","link":"https:\/\/www.anffaspotenzapicena.it\/index.php\/laboratorio-carta-riciclata\/","title":{"rendered":"Laboratorio Carta Riciclata"},"content":{"rendered":"\n<p style=\"text-align:center\"><\/p>\n\n\n\n<p style=\"text-align:center\">Creativit\u00e0, sostenibilit\u00e0 e coinvolgimento sono gli obiettivi del laboratorio di creazione della carta riciclata.<\/p>\n\n\n\n<p style=\"text-align:center\">Il lavoro ha una doppia valenza: educare alla sostenibilit\u00e0 e promuovere buone pratiche per l&#8217;ambiente, ma anche sviluppare diverse aree di sviluppo della persona: la motricit\u00e0 fine, la coordinazione, la creativit\u00e0, la socialit\u00e0, ecc.<\/p>\n\n\n\n<p style=\"text-align:center\">La partecipazione alle attivit\u00e0 prevede la raccolta dei materiali di recupero (carta di giornali, posta, vecchi documenti, ecc) che vengono poi utilizzati per supportare la creativit\u00e0 di ogni soggetto coinvolto.<\/p>\n\n\n\n<p style=\"text-align:center\">Il laboratorio \u00e8 attivo tutto l&#8217;anno e i lavori prodotti sono molteplici: partecipazioni per matrimoni, bomboniere, biglietti augurali, men\u00f9 per ristoranti, pergamene, ecc.<\/p>\n\n\n\n<p style=\"text-align:center\">Per info e contatti:<\/p>\n\n\n\n<p style=\"text-align:center\">0733\/672602<\/p>\n\n\n\n<p style=\"text-align:center\">347\/8164661<\/p>\n\n\n\n<p style=\"text-align:center\">anffas.pp@gmail.com<\/p>\n\n\n\n<ul class=\"wp-block-gallery columns-1 is-cropped wp-block-gallery-1 is-layout-flex wp-block-gallery-is-layout-flex\"><li class=\"blocks-gallery-item\"><figure><img loading=\"lazy\" decoding=\"async\" width=\"1024\" height=\"683\" src=\"http:\/\/www.anffaspotenzapicena.it\/wp-content\/uploads\/2017\/11\/IMG_5140-1024x683.jpg\" alt=\"\" data-id=\"154\" data-link=\"http:\/\/www.anffaspotenzapicena.it\/index.php\/bomboniere-e-partecipazioni-solidali\/img_5140\/\" class=\"wp-image-154\" srcset=\"https:\/\/www.anffaspotenzapicena.it\/wp-content\/uploads\/2017\/11\/IMG_5140-1024x683.jpg 1024w, https:\/\/www.anffaspotenzapicena.it\/wp-content\/uploads\/2017\/11\/IMG_5140-300x200.jpg 300w, https:\/\/www.anffaspotenzapicena.it\/wp-content\/uploads\/2017\/11\/IMG_5140-768x512.jpg 768w\" sizes=\"auto, (max-width: 1024px) 100vw, 1024px\" \/><\/figure><\/li><\/ul>\n","protected":false},"excerpt":{"rendered":"<p>Creativit\u00e0, sostenibilit\u00e0 e coinvolgimento sono gli obiettivi del laboratorio di creazione della carta riciclata. Il lavoro ha una doppia valenza: educare alla sostenibilit\u00e0 e promuovere buone pratiche per l&#8217;ambiente, ma anche sviluppare diverse aree di sviluppo della persona: la motricit\u00e0 fine, la coordinazione, la creativit\u00e0, la socialit\u00e0, ecc. La partecipazione alle attivit\u00e0 prevede la raccolta&hellip;<\/p>\n","protected":false},"author":1,"featured_media":0,"parent":0,"menu_order":0,"comment_status":"closed","ping_status":"closed","template":"","meta":{"footnotes":""},"class_list":["post-332","page","type-page","status-publish","hentry"],"_links":{"self":[{"href":"https:\/\/www.anffaspotenzapicena.it\/index.php\/wp-json\/wp\/v2\/pages\/332","targetHints":{"allow":["GET"]}}],"collection":[{"href":"https:\/\/www.anffaspotenzapicena.it\/index.php\/wp-json\/wp\/v2\/pages"}],"about":[{"href":"https:\/\/www.anffaspotenzapicena.it\/index.php\/wp-json\/wp\/v2\/types\/page"}],"author":[{"embeddable":true,"href":"https:\/\/www.anffaspotenzapicena.it\/index.php\/wp-json\/wp\/v2\/users\/1"}],"replies":[{"embeddable":true,"href":"https:\/\/www.anffaspotenzapicena.it\/index.php\/wp-json\/wp\/v2\/comments?post=332"}],"version-history":[{"count":6,"href":"https:\/\/www.anffaspotenzapicena.it\/index.php\/wp-json\/wp\/v2\/pages\/332\/revisions"}],"predecessor-version":[{"id":476,"href":"https:\/\/www.anffaspotenzapicena.it\/index.php\/wp-json\/wp\/v2\/pages\/332\/revisions\/476"}],"wp:attachment":[{"href":"https:\/\/www.anffaspotenzapicena.it\/index.php\/wp-json\/wp\/v2\/media?parent=332"}],"curies":[{"name":"wp","href":"https:\/\/api.w.org\/{rel}","templated":true}]}}