{"id":308,"date":"2018-09-21T11:48:42","date_gmt":"2018-09-21T09:48:42","guid":{"rendered":"http:\/\/www.anffaspotenzapicena.it\/?page_id=308"},"modified":"2019-03-12T11:18:04","modified_gmt":"2019-03-12T10:18:04","slug":"a-casa-nostra-progetto-l-1122016","status":"publish","type":"page","link":"https:\/\/www.anffaspotenzapicena.it\/index.php\/a-casa-nostra-progetto-l-1122016\/","title":{"rendered":"A casa nostra &#8211; progetto L. 112\/2016"},"content":{"rendered":"\n<p style=\"text-align:center\">&#8220;A casa nostra&#8221; \u00e8 un progetto comunitario relativo alla L. 112\/2016 relativa al cosiddetto &#8220;Dopo di noi &#8211; Disposizioni in materia di assistenza in favore delle persone con disabilit\u00e0 grave prive di sostegno familiare&#8221;.<\/p>\n\n\n\n<p style=\"text-align:center\">Il progetto \u00e8 realizzato sulla base di un protocollo d&#8217;intesa tra il Comune di Civitanova Marche quale Ente Capofila dell&#8217;Ambito Territoriale Sociale n. 14, le tre persone con disabilit\u00e0 partecipanti e la nostra associazione, che interviene quale gestore del progetto incaricato dagli utenti interessati.<\/p>\n\n\n\n<p style=\"text-align:center\">Il progetto prevede l&#8217;avvio di un co-housing di 3 persone con disabilit\u00e0 con una intensit\u00e0 di sostegno simile e che gi\u00e0 condividono esperienze di vita comune presso il Centro Socio Educativo Riabilitativo.<\/p>\n\n\n\n<div class=\"wp-block-image\"><figure class=\"aligncenter\"><img loading=\"lazy\" decoding=\"async\" width=\"1024\" height=\"768\" src=\"http:\/\/www.anffaspotenzapicena.it\/wp-content\/uploads\/2019\/03\/85x85-1-1024x768.jpg\" alt=\"\" class=\"wp-image-436\" srcset=\"https:\/\/www.anffaspotenzapicena.it\/wp-content\/uploads\/2019\/03\/85x85-1-1024x768.jpg 1024w, https:\/\/www.anffaspotenzapicena.it\/wp-content\/uploads\/2019\/03\/85x85-1-300x225.jpg 300w, https:\/\/www.anffaspotenzapicena.it\/wp-content\/uploads\/2019\/03\/85x85-1-768x576.jpg 768w, https:\/\/www.anffaspotenzapicena.it\/wp-content\/uploads\/2019\/03\/85x85-1-120x90.jpg 120w\" sizes=\"auto, (max-width: 1024px) 100vw, 1024px\" \/><\/figure><\/div>\n","protected":false},"excerpt":{"rendered":"<p>&#8220;A casa nostra&#8221; \u00e8 un progetto comunitario relativo alla L. 112\/2016 relativa al cosiddetto &#8220;Dopo di noi &#8211; Disposizioni in materia di assistenza in favore delle persone con disabilit\u00e0 grave prive di sostegno familiare&#8221;. Il progetto \u00e8 realizzato sulla base di un protocollo d&#8217;intesa tra il Comune di Civitanova Marche quale Ente Capofila dell&#8217;Ambito Territoriale&hellip;<\/p>\n","protected":false},"author":1,"featured_media":311,"parent":0,"menu_order":0,"comment_status":"closed","ping_status":"closed","template":"","meta":{"footnotes":""},"class_list":["post-308","page","type-page","status-publish","has-post-thumbnail","hentry"],"_links":{"self":[{"href":"https:\/\/www.anffaspotenzapicena.it\/index.php\/wp-json\/wp\/v2\/pages\/308","targetHints":{"allow":["GET"]}}],"collection":[{"href":"https:\/\/www.anffaspotenzapicena.it\/index.php\/wp-json\/wp\/v2\/pages"}],"about":[{"href":"https:\/\/www.anffaspotenzapicena.it\/index.php\/wp-json\/wp\/v2\/types\/page"}],"author":[{"embeddable":true,"href":"https:\/\/www.anffaspotenzapicena.it\/index.php\/wp-json\/wp\/v2\/users\/1"}],"replies":[{"embeddable":true,"href":"https:\/\/www.anffaspotenzapicena.it\/index.php\/wp-json\/wp\/v2\/comments?post=308"}],"version-history":[{"count":3,"href":"https:\/\/www.anffaspotenzapicena.it\/index.php\/wp-json\/wp\/v2\/pages\/308\/revisions"}],"predecessor-version":[{"id":437,"href":"https:\/\/www.anffaspotenzapicena.it\/index.php\/wp-json\/wp\/v2\/pages\/308\/revisions\/437"}],"wp:featuredmedia":[{"embeddable":true,"href":"https:\/\/www.anffaspotenzapicena.it\/index.php\/wp-json\/wp\/v2\/media\/311"}],"wp:attachment":[{"href":"https:\/\/www.anffaspotenzapicena.it\/index.php\/wp-json\/wp\/v2\/media?parent=308"}],"curies":[{"name":"wp","href":"https:\/\/api.w.org\/{rel}","templated":true}]}}