{"id":17,"date":"2016-12-09T19:30:42","date_gmt":"2016-12-09T18:30:42","guid":{"rendered":"http:\/\/www.anffaspotenzapicena.it\/?page_id=17"},"modified":"2018-01-30T16:07:49","modified_gmt":"2018-01-30T15:07:49","slug":"centro-socio-educativo-riabilitativo","status":"publish","type":"page","link":"https:\/\/www.anffaspotenzapicena.it\/index.php\/centro-socio-educativo-riabilitativo\/","title":{"rendered":"Centro Socio Educativo Riabilitativo"},"content":{"rendered":"<p style=\"text-align: center;\">L&#8217;Anffas Onlus Potenza Picena gestisce un centro diurno socio-educativo riabilitativo.<\/p>\n<p style=\"text-align: center;\">All&#8217;interno del centro operano\u00a0quattro educatori professionali, un&#8217;operatrice socio-sanitaria, una responsabile amministrativa e una psicologa.<\/p>\n<p style=\"text-align: center;\">L&#8217;attivit\u00e0 del centro si svolge dal luned\u00ec al venerd\u00ec dalle ore 8.30 alle 17.<\/p>\n<p style=\"text-align: center;\" align=\"JUSTIFY\">I principali ambiti educativi di intervento sono:\u00a0l&#8217;autonomia, l&#8217;area cognitiva,\u00a0l&#8217;area motoria,\u00a0la gestione dei comportamenti problematici,\u00a0l&#8217;area creativa e quella\u00a0ludica.<\/p>\n<p style=\"text-align: center;\" align=\"JUSTIFY\">Il centro ospita attualmente 16 persone con disabilit\u00e0 intellettiva e\/o relazionale; si tratta di persone con deficit cognitivo, Sindrome di Down o disturbo dello spettro autistico.<\/p>\n<p style=\"text-align: center;\" align=\"JUSTIFY\">Cosa facciamo?<\/p>\n<p style=\"text-align: center;\" align=\"JUSTIFY\">Attivit\u00e0 educative, occupazionali, culturali, formative, ludiche.<\/p>\n<p style=\"text-align: center;\" align=\"JUSTIFY\"><a href=\"http:\/\/www.anffaspotenzapicena.it\/index.php\/bomboniere-e-partecipazioni-solidali\/\">Bomboniere e partecipazioni solidali<\/a><\/p>\n<p style=\"text-align: center;\" align=\"JUSTIFY\"><a href=\"http:\/\/www.anffaspotenzapicena.it\/index.php\/falegnameria\/\">Falegnameria<\/a><\/p>\n<p style=\"text-align: center;\" align=\"JUSTIFY\"><a href=\"http:\/\/www.anffaspotenzapicena.it\/index.php\/attivita-motoria\/\">Attivit\u00e0 motoria<\/a><\/p>\n<p style=\"text-align: center;\" align=\"JUSTIFY\"><a href=\"http:\/\/www.anffaspotenzapicena.it\/index.php\/musica\/\">Musica<\/a><\/p>\n<p style=\"text-align: center;\" align=\"JUSTIFY\"><a href=\"http:\/\/www.anffaspotenzapicena.it\/index.php\/teatro\/\">Teatro<\/a><\/p>\n<p style=\"text-align: center;\" align=\"JUSTIFY\"><a href=\"http:\/\/www.anffaspotenzapicena.it\/index.php\/terapia-occupazionale\/\">Terapia occupazionale<\/a><\/p>\n","protected":false},"excerpt":{"rendered":"<p>L&#8217;Anffas Onlus Potenza Picena gestisce un centro diurno socio-educativo riabilitativo. All&#8217;interno del centro operano\u00a0quattro educatori professionali, un&#8217;operatrice socio-sanitaria, una responsabile amministrativa e una psicologa. L&#8217;attivit\u00e0 del centro si svolge dal luned\u00ec al venerd\u00ec dalle ore 8.30 alle 17. I principali ambiti educativi di intervento sono:\u00a0l&#8217;autonomia, l&#8217;area cognitiva,\u00a0l&#8217;area motoria,\u00a0la gestione dei comportamenti problematici,\u00a0l&#8217;area creativa e quella\u00a0ludica.&hellip;<\/p>\n","protected":false},"author":1,"featured_media":59,"parent":0,"menu_order":0,"comment_status":"closed","ping_status":"closed","template":"","meta":{"footnotes":""},"class_list":["post-17","page","type-page","status-publish","has-post-thumbnail","hentry"],"_links":{"self":[{"href":"https:\/\/www.anffaspotenzapicena.it\/index.php\/wp-json\/wp\/v2\/pages\/17","targetHints":{"allow":["GET"]}}],"collection":[{"href":"https:\/\/www.anffaspotenzapicena.it\/index.php\/wp-json\/wp\/v2\/pages"}],"about":[{"href":"https:\/\/www.anffaspotenzapicena.it\/index.php\/wp-json\/wp\/v2\/types\/page"}],"author":[{"embeddable":true,"href":"https:\/\/www.anffaspotenzapicena.it\/index.php\/wp-json\/wp\/v2\/users\/1"}],"replies":[{"embeddable":true,"href":"https:\/\/www.anffaspotenzapicena.it\/index.php\/wp-json\/wp\/v2\/comments?post=17"}],"version-history":[{"count":16,"href":"https:\/\/www.anffaspotenzapicena.it\/index.php\/wp-json\/wp\/v2\/pages\/17\/revisions"}],"predecessor-version":[{"id":237,"href":"https:\/\/www.anffaspotenzapicena.it\/index.php\/wp-json\/wp\/v2\/pages\/17\/revisions\/237"}],"wp:featuredmedia":[{"embeddable":true,"href":"https:\/\/www.anffaspotenzapicena.it\/index.php\/wp-json\/wp\/v2\/media\/59"}],"wp:attachment":[{"href":"https:\/\/www.anffaspotenzapicena.it\/index.php\/wp-json\/wp\/v2\/media?parent=17"}],"curies":[{"name":"wp","href":"https:\/\/api.w.org\/{rel}","templated":true}]}}